{"id":104,"date":"2022-03-15T10:58:22","date_gmt":"2022-03-15T10:58:22","guid":{"rendered":"http:\/\/tomkristensen.net\/?page_id=104"},"modified":"2024-02-13T22:46:45","modified_gmt":"2024-02-13T22:46:45","slug":"about","status":"publish","type":"page","link":"https:\/\/toveschermer.dk\/index.php\/about\/","title":{"rendered":"Om mig"},"content":{"rendered":"\n<div class=\"wp-block-columns is-layout-flex wp-container-core-columns-is-layout-9d6595d7 wp-block-columns-is-layout-flex\">\n<div class=\"wp-block-column is-layout-flow wp-block-column-is-layout-flow\">\n<p>Jeg bor i Viborg sammen med min mand i et hyggeligt villakvarter, hvor vi har et rigt fugleliv i haven. M\u00e5ske fordi jeg fodrer fuglene \u00e5ret rundt! Og det g\u00f8r jeg lidt p\u00e5 beregning, fordi det giver mig mange fine motiver til mine billeder.<\/p>\n\n\n\n<p>Jeg har i en lang \u00e5rr\u00e6kke v\u00e6ret medlem af \u00c5bne Atelierd\u00f8re i Viborg og har derigennem deltaget i adskillige udstillinger.<\/p>\n\n\n\n<p>Jeg har lige s\u00e5 l\u00e6nge v\u00e6ret medlem af Malergruppen Nordlyset, som m\u00f8des en gang om ugen i Laastrup. Hvert efter\u00e5r afholder vi en f\u00e6lles udstilling i Pakhuset i Viborg.<\/p>\n\n\n\n<p>Som medlem af Fjends Kunstforening har jeg p\u00e5 den \u00e5rlige for\u00e5rsudstilling i Stoholm talrige gange modtaget censorernes anerkendelse i form af bl\u00e5 m\u00e6rker p\u00e5 b\u00e5de tegninger, akvareller, gouache- og akrylmalerier.<\/p>\n\n\n\n<p>Af censurerede udstillinger, hvor jeg har deltaget, kan n\u00e6vnes:<\/p>\n\n\n\n<p>KS \u2013 Kunstnernes Sommerudstilling i Tistrup \u2013 2015<\/p>\n\n\n\n<p>Aalborg Kongres- og Kulturcenter 2008<\/p>\n\n\n\n<p>Mississippi p\u00e5 Thyholm 2016 og 2018<\/p>\n\n\n\n<p>Bjerringbro Udstillingen 2012 \u2013 2013 \u2013 2014 \u2013 2019 \u2013 2021<\/p>\n\n\n\n<p>Som et kuriosum kan jeg n\u00e6vne, at mit selvportr\u00e6t (akrylmaleri) har v\u00e6ret udstillet p\u00e5 Skovgaard Museet i Viborg nov. 2012 \u2013 jan. 2013 i forbindelse med udstillingen \u201dViborgere \u2013 udstil dig selv\u201d.<\/p>\n\n\n\n<p>Og s\u00e5 er der alle de andre udstillinger, jeg har deltaget i \u2026..<\/p>\n\n\n\n<p>Jeg synes ogs\u00e5, det er v\u00e6rd at n\u00e6vne, at jeg er medlem af kunstudvalget ved Vestervang Kirke i Viborg, hvor jeg er med til at udv\u00e6lge udstillende kunstnere.<\/p>\n<\/div>\n\n\n\n<div class=\"wp-block-column is-layout-flow wp-block-column-is-layout-flow\">\n<figure class=\"wp-block-image size-large\"><img loading=\"lazy\" decoding=\"async\" width=\"725\" height=\"1024\" src=\"https:\/\/toveschermer.dk\/wp-content\/uploads\/2023\/06\/selvportraet-2022-725x1024.jpg\" alt=\"\" class=\"wp-image-325\" srcset=\"https:\/\/toveschermer.dk\/wp-content\/uploads\/2023\/06\/selvportraet-2022-725x1024.jpg 725w, https:\/\/toveschermer.dk\/wp-content\/uploads\/2023\/06\/selvportraet-2022-212x300.jpg 212w, https:\/\/toveschermer.dk\/wp-content\/uploads\/2023\/06\/selvportraet-2022-768x1085.jpg 768w, https:\/\/toveschermer.dk\/wp-content\/uploads\/2023\/06\/selvportraet-2022-1088x1536.jpg 1088w, https:\/\/toveschermer.dk\/wp-content\/uploads\/2023\/06\/selvportraet-2022-220x311.jpg 220w, https:\/\/toveschermer.dk\/wp-content\/uploads\/2023\/06\/selvportraet-2022.jpg 1450w\" sizes=\"auto, (max-width: 725px) 100vw, 725px\" \/><\/figure>\n<\/div>\n<\/div>\n\n\n\n<p class=\"has-text-align-left has-small-font-size\">Mail: schermerart@gmail.com<br>Telefon: 22947296<\/p>\n\n\n\n<p class=\"has-text-align-left has-small-font-size\"><\/p>\n","protected":false},"excerpt":{"rendered":"<p>Jeg bor i Viborg sammen med min mand i et hyggeligt villakvarter, hvor vi har et rigt fugleliv i haven. M\u00e5ske fordi jeg fodrer fuglene \u00e5ret rundt! Og det g\u00f8r jeg lidt p\u00e5 beregning, fordi det giver mig mange fine motiver til mine billeder. Jeg har i en lang \u00e5rr\u00e6kke v\u00e6ret medlem af \u00c5bne Atelierd\u00f8re [&hellip;]<\/p>\n","protected":false},"author":1,"featured_media":0,"parent":0,"menu_order":0,"comment_status":"closed","ping_status":"closed","template":"","meta":{"ngg_post_thumbnail":0,"footnotes":""},"class_list":["post-104","page","type-page","status-publish","hentry"],"yoast_head":"<!-- This site is optimized with the Yoast SEO plugin v20.6 - https:\/\/yoast.com\/wordpress\/plugins\/seo\/ -->\n<title>Om mig - Tove Schermer Kristensen<\/title>\n<meta name=\"robots\" content=\"index, follow, max-snippet:-1, max-image-preview:large, max-video-preview:-1\" \/>\n<link rel=\"canonical\" href=\"https:\/\/toveschermer.dk\/index.php\/about\/\" \/>\n<meta property=\"og:locale\" content=\"da_DK\" \/>\n<meta property=\"og:type\" content=\"article\" \/>\n<meta property=\"og:title\" content=\"Om mig - Tove Schermer Kristensen\" \/>\n<meta property=\"og:description\" content=\"Jeg bor i Viborg sammen med min mand i et hyggeligt villakvarter, hvor vi har et rigt fugleliv i haven. M\u00e5ske fordi jeg fodrer fuglene \u00e5ret rundt! Og det g\u00f8r jeg lidt p\u00e5 beregning, fordi det giver mig mange fine motiver til mine billeder. Jeg har i en lang \u00e5rr\u00e6kke v\u00e6ret medlem af \u00c5bne Atelierd\u00f8re [&hellip;]\" \/>\n<meta property=\"og:url\" content=\"https:\/\/toveschermer.dk\/index.php\/about\/\" \/>\n<meta property=\"og:site_name\" content=\"Tove Schermer Kristensen\" \/>\n<meta property=\"article:modified_time\" content=\"2024-02-13T22:46:45+00:00\" \/>\n<meta property=\"og:image\" content=\"https:\/\/toveschermer.dk\/wp-content\/uploads\/2023\/06\/selvportraet-2022-725x1024.jpg\" \/>\n<meta name=\"twitter:card\" content=\"summary_large_image\" \/>\n<meta name=\"twitter:label1\" content=\"Estimeret l\u00e6setid\" \/>\n\t<meta name=\"twitter:data1\" content=\"2 minutter\" \/>\n<script type=\"application\/ld+json\" class=\"yoast-schema-graph\">{\"@context\":\"https:\/\/schema.org\",\"@graph\":[{\"@type\":\"WebPage\",\"@id\":\"https:\/\/toveschermer.dk\/index.php\/about\/\",\"url\":\"https:\/\/toveschermer.dk\/index.php\/about\/\",\"name\":\"Om mig - Tove Schermer Kristensen\",\"isPartOf\":{\"@id\":\"https:\/\/toveschermer.dk\/#website\"},\"datePublished\":\"2022-03-15T10:58:22+00:00\",\"dateModified\":\"2024-02-13T22:46:45+00:00\",\"breadcrumb\":{\"@id\":\"https:\/\/toveschermer.dk\/index.php\/about\/#breadcrumb\"},\"inLanguage\":\"da-DK\",\"potentialAction\":[{\"@type\":\"ReadAction\",\"target\":[\"https:\/\/toveschermer.dk\/index.php\/about\/\"]}]},{\"@type\":\"BreadcrumbList\",\"@id\":\"https:\/\/toveschermer.dk\/index.php\/about\/#breadcrumb\",\"itemListElement\":[{\"@type\":\"ListItem\",\"position\":1,\"name\":\"Hjem\",\"item\":\"https:\/\/toveschermer.dk\/\"},{\"@type\":\"ListItem\",\"position\":2,\"name\":\"Om mig\"}]},{\"@type\":\"WebSite\",\"@id\":\"https:\/\/toveschermer.dk\/#website\",\"url\":\"https:\/\/toveschermer.dk\/\",\"name\":\"Tove Schermer Kristensen\",\"description\":\"Kunstner\",\"potentialAction\":[{\"@type\":\"SearchAction\",\"target\":{\"@type\":\"EntryPoint\",\"urlTemplate\":\"https:\/\/toveschermer.dk\/?s={search_term_string}\"},\"query-input\":\"required name=search_term_string\"}],\"inLanguage\":\"da-DK\"}]}<\/script>\n<!-- \/ Yoast SEO plugin. -->","yoast_head_json":{"title":"Om mig - Tove Schermer Kristensen","robots":{"index":"index","follow":"follow","max-snippet":"max-snippet:-1","max-image-preview":"max-image-preview:large","max-video-preview":"max-video-preview:-1"},"canonical":"https:\/\/toveschermer.dk\/index.php\/about\/","og_locale":"da_DK","og_type":"article","og_title":"Om mig - Tove Schermer Kristensen","og_description":"Jeg bor i Viborg sammen med min mand i et hyggeligt villakvarter, hvor vi har et rigt fugleliv i haven. M\u00e5ske fordi jeg fodrer fuglene \u00e5ret rundt! Og det g\u00f8r jeg lidt p\u00e5 beregning, fordi det giver mig mange fine motiver til mine billeder. Jeg har i en lang \u00e5rr\u00e6kke v\u00e6ret medlem af \u00c5bne Atelierd\u00f8re [&hellip;]","og_url":"https:\/\/toveschermer.dk\/index.php\/about\/","og_site_name":"Tove Schermer Kristensen","article_modified_time":"2024-02-13T22:46:45+00:00","og_image":[{"url":"https:\/\/toveschermer.dk\/wp-content\/uploads\/2023\/06\/selvportraet-2022-725x1024.jpg"}],"twitter_card":"summary_large_image","twitter_misc":{"Estimeret l\u00e6setid":"2 minutter"},"schema":{"@context":"https:\/\/schema.org","@graph":[{"@type":"WebPage","@id":"https:\/\/toveschermer.dk\/index.php\/about\/","url":"https:\/\/toveschermer.dk\/index.php\/about\/","name":"Om mig - Tove Schermer Kristensen","isPartOf":{"@id":"https:\/\/toveschermer.dk\/#website"},"datePublished":"2022-03-15T10:58:22+00:00","dateModified":"2024-02-13T22:46:45+00:00","breadcrumb":{"@id":"https:\/\/toveschermer.dk\/index.php\/about\/#breadcrumb"},"inLanguage":"da-DK","potentialAction":[{"@type":"ReadAction","target":["https:\/\/toveschermer.dk\/index.php\/about\/"]}]},{"@type":"BreadcrumbList","@id":"https:\/\/toveschermer.dk\/index.php\/about\/#breadcrumb","itemListElement":[{"@type":"ListItem","position":1,"name":"Hjem","item":"https:\/\/toveschermer.dk\/"},{"@type":"ListItem","position":2,"name":"Om mig"}]},{"@type":"WebSite","@id":"https:\/\/toveschermer.dk\/#website","url":"https:\/\/toveschermer.dk\/","name":"Tove Schermer Kristensen","description":"Kunstner","potentialAction":[{"@type":"SearchAction","target":{"@type":"EntryPoint","urlTemplate":"https:\/\/toveschermer.dk\/?s={search_term_string}"},"query-input":"required name=search_term_string"}],"inLanguage":"da-DK"}]}},"_links":{"self":[{"href":"https:\/\/toveschermer.dk\/index.php\/wp-json\/wp\/v2\/pages\/104","targetHints":{"allow":["GET"]}}],"collection":[{"href":"https:\/\/toveschermer.dk\/index.php\/wp-json\/wp\/v2\/pages"}],"about":[{"href":"https:\/\/toveschermer.dk\/index.php\/wp-json\/wp\/v2\/types\/page"}],"author":[{"embeddable":true,"href":"https:\/\/toveschermer.dk\/index.php\/wp-json\/wp\/v2\/users\/1"}],"replies":[{"embeddable":true,"href":"https:\/\/toveschermer.dk\/index.php\/wp-json\/wp\/v2\/comments?post=104"}],"version-history":[{"count":5,"href":"https:\/\/toveschermer.dk\/index.php\/wp-json\/wp\/v2\/pages\/104\/revisions"}],"predecessor-version":[{"id":389,"href":"https:\/\/toveschermer.dk\/index.php\/wp-json\/wp\/v2\/pages\/104\/revisions\/389"}],"wp:attachment":[{"href":"https:\/\/toveschermer.dk\/index.php\/wp-json\/wp\/v2\/media?parent=104"}],"curies":[{"name":"wp","href":"https:\/\/api.w.org\/{rel}","templated":true}]}}